{"id":450,"date":"2018-03-02T16:43:12","date_gmt":"2018-03-02T19:43:12","guid":{"rendered":"http:\/\/www.apartbungalowsmatute.com\/web\/para-4-personas\/"},"modified":"2025-11-20T12:51:50","modified_gmt":"2025-11-20T15:51:50","slug":"para-4-personas","status":"publish","type":"page","link":"https:\/\/apartbungalowsmatute.com\/pt-br\/para-4-personas\/","title":{"rendered":"Bungalow 4 pessoas"},"content":{"rendered":"<p>[vc_row type=&#8221;vc_default&#8221; gap=&#8221;10&#8243; css=&#8221;.vc_custom_1520276435854{margin-top: -30px !important;}&#8221;][vc_column width=&#8221;2\/3&#8243;][layerslider_vc id=&#8221;5&#8243;][\/vc_column][vc_column width=&#8221;1\/3&#8243; css=&#8221;.vc_custom_1520276499189{border-left-width: 1px !important;padding-left: 20px !important;border-left-color: #c9c9c8 !important;border-left-style: solid !important;}&#8221;][vc_column_text]\u00c9 uma unidade de dois ambientes, tipo loft, sem portas de separa\u00e7\u00e3o entre os ambientes, com uma \u00e1rea de jantar e um dormit\u00f3rio. No t\u00e9rreo, h\u00e1 duas camas de solteiro, mesa e cadeiras, TV LCD de 32&#8243;, a \u00e1rea da cozinha e um banheiro completo; no andar superior, h\u00e1 uma cama queen-size e uma cama de solteiro e meia ou tr\u00eas camas de solteiro, TV LED de 25&#8243;. Tem uma \u00e1rea total aproximada de 38m2.<\/p>\n<p>COMODIDADES:<\/p>\n<p>\u2022 Microondas, fog\u00e3o com forno e geladeira.<\/p>\n<p>\u2022 Lou\u00e7a completa.<\/p>\n<p>\u2022 Cafeteira el\u00e9trica.<\/p>\n<p>\u2022 TV LCD de 32&#8243; a cabo.<\/p>\n<p>\u2022 Aquecimento por piso radiante e radiadores.<\/p>\n<p>\u2022 Cofres individuais.<\/p>\n<p>\u2022 Detector de mon\u00f3xido de carbono.<\/p>\n<p>\u2022 Secador de cabelo em todos os banheiros.<\/p>\n<p>\u2022 Luz de emerg\u00eancia em todas as unidades.[\/vc_column_text][vc_btn title=&#8221;\u00a1RESERVE AGORA!&#8221; style=&#8221;custom&#8221; custom_background=&#8221;#af9261&#8243; custom_text=&#8221;#ffffff&#8221; shape=&#8221;square&#8221; size=&#8221;lg&#8221; align=&#8221;left&#8221; link=&#8221;url:https%3A%2F%2Fwubook.net%2Fwbkd%2Fwbk%2F%3Flcode%3D1552479268||target:%20_blank|&#8221;][\/vc_column][\/vc_row][vc_row type=&#8221;vc_default&#8221; css=&#8221;.vc_custom_1520275743783{margin-top: 10px !important;}&#8221;][vc_column][vc_column_text]Todas as unidades t\u00eam vista para o lago e para as montanhas. A excelente localiza\u00e7\u00e3o do complexo permite aos h\u00f3spedes fazer excurs\u00f5es sem ter que se deslocar para o centro ou contratar transfer\u00eancias adicionais. <strong>No inverno, h\u00e1 a vantagem de estar pr\u00f3ximo \u00e0 entrada para o Cerro Catedral. No ver\u00e3o, h\u00e1 a possibilidade de caminhar 200 metros at\u00e9 a &#8220;Playa Bonita&#8221;.<\/strong>[\/vc_column_text][vc_separator color=&#8221;custom&#8221; accent_color=&#8221;#af9261&#8243;][\/vc_column][\/vc_row][vc_row type=&#8221;vc_default&#8221; css=&#8221;.vc_custom_1520014628342{margin-top: -40px !important;}&#8221;][vc_column width=&#8221;1\/6&#8243;][\/vc_column][vc_column width=&#8221;2\/3&#8243; css=&#8221;.vc_custom_1520013693949{padding-right: 40px !important;padding-left: 40px !important;}&#8221;][vc_custom_heading text=&#8221;APART MATUTE BUSTILLO&#8221; font_container=&#8221;tag:h2|font_size:40|text_align:center|color:%238b5440|line_height:normal&#8221; google_fonts=&#8221;font_family:Lato%3A100%2C100italic%2C300%2C300italic%2Cregular%2Citalic%2C700%2C700italic%2C900%2C900italic|font_style:300%20light%20regular%3A300%3Anormal&#8221;][vc_custom_heading text=&#8221;Vea m\u00e1s opciones para su comodidad&#8221; font_container=&#8221;tag:h2|font_size:25|text_align:center|color:%238b5440|line_height:normal&#8221; google_fonts=&#8221;font_family:Lato%3A100%2C100italic%2C300%2C300italic%2Cregular%2Citalic%2C700%2C700italic%2C900%2C900italic|font_style:300%20light%20regular%3A300%3Anormal&#8221; css=&#8221;.vc_custom_1520276027305{margin-top: -10px !important;}&#8221;][\/vc_column][vc_column width=&#8221;1\/6&#8243;][\/vc_column][\/vc_row][vc_row type=&#8221;vc_default&#8221; full_width=&#8221;stretch_row_content&#8221; css=&#8221;.vc_custom_1520275919972{margin-top: 30px !important;}&#8221;][vc_column width=&#8221;1\/6&#8243;][vc_single_image image=&#8221;92&#8243; img_size=&#8221;full&#8221; alignment=&#8221;center&#8221; onclick=&#8221;custom_link&#8221; link=&#8221;https:\/\/apartbungalowsmatute.com\/pt-br\/para-2-personas\/&#8221;][vc_custom_heading text=&#8221;PARA 2 PERSONAS&#8221; font_container=&#8221;tag:h2|font_size:20|text_align:center|color:%238b5440|line_height:normal&#8221; google_fonts=&#8221;font_family:Lato%3A100%2C100italic%2C300%2C300italic%2Cregular%2Citalic%2C700%2C700italic%2C900%2C900italic|font_style:300%20light%20regular%3A300%3Anormal&#8221; css=&#8221;.vc_custom_1520019641998{margin-top: -20px !important;}&#8221;][\/vc_column][vc_column width=&#8221;1\/6&#8243;][vc_single_image image=&#8221;694&#8243; img_size=&#8221;full&#8221; alignment=&#8221;center&#8221; onclick=&#8221;custom_link&#8221; link=&#8221;\/?page_id=696&#8243;][vc_custom_heading text=&#8221;PARA 2\/3 PERSONAS&#8221; font_container=&#8221;tag:h2|font_size:20|text_align:center|color:%238b5440|line_height:normal&#8221; google_fonts=&#8221;font_family:Lato%3A100%2C100italic%2C300%2C300italic%2Cregular%2Citalic%2C700%2C700italic%2C900%2C900italic|font_style:300%20light%20regular%3A300%3Anormal&#8221; css=&#8221;.vc_custom_1707769376421{margin-top: -20px !important;}&#8221;][\/vc_column][vc_column width=&#8221;1\/6&#8243;][vc_single_image image=&#8221;93&#8243; img_size=&#8221;full&#8221; alignment=&#8221;center&#8221; onclick=&#8221;custom_link&#8221; link=&#8221;https:\/\/apartbungalowsmatute.com\/pt-br\/para-3-4-personas\/&#8221;][vc_custom_heading text=&#8221;PARA 3\/4 PERSONAS&#8221; font_container=&#8221;tag:h2|font_size:20|text_align:center|color:%238b5440|line_height:normal&#8221; google_fonts=&#8221;font_family:Lato%3A100%2C100italic%2C300%2C300italic%2Cregular%2Citalic%2C700%2C700italic%2C900%2C900italic|font_style:300%20light%20regular%3A300%3Anormal&#8221; css=&#8221;.vc_custom_1520019680889{margin-top: -20px !important;}&#8221;][\/vc_column][vc_column width=&#8221;1\/6&#8243;][vc_single_image image=&#8221;94&#8243; img_size=&#8221;full&#8221; alignment=&#8221;center&#8221; onclick=&#8221;custom_link&#8221; link=&#8221;https:\/\/apartbungalowsmatute.com\/pt-br\/para-4-personas\/&#8221;][vc_custom_heading text=&#8221;PARA 4 PERSONAS&#8221; font_container=&#8221;tag:h2|font_size:20|text_align:center|color:%238b5440|line_height:normal&#8221; google_fonts=&#8221;font_family:Lato%3A100%2C100italic%2C300%2C300italic%2Cregular%2Citalic%2C700%2C700italic%2C900%2C900italic|font_style:300%20light%20regular%3A300%3Anormal&#8221; css=&#8221;.vc_custom_1520019691283{margin-top: -20px !important;}&#8221;][\/vc_column][vc_column width=&#8221;1\/6&#8243;][vc_single_image image=&#8221;95&#8243; img_size=&#8221;full&#8221; alignment=&#8221;center&#8221; onclick=&#8221;custom_link&#8221; link=&#8221;https:\/\/apartbungalowsmatute.com\/pt-br\/para-5-personas\/&#8221;][vc_custom_heading text=&#8221;PARA 5 PERSONAS&#8221; font_container=&#8221;tag:h2|font_size:20|text_align:center|color:%238b5440|line_height:normal&#8221; google_fonts=&#8221;font_family:Lato%3A100%2C100italic%2C300%2C300italic%2Cregular%2Citalic%2C700%2C700italic%2C900%2C900italic|font_style:300%20light%20regular%3A300%3Anormal&#8221; css=&#8221;.vc_custom_1520019702646{margin-top: -20px !important;}&#8221;][\/vc_column][vc_column width=&#8221;1\/6&#8243;][vc_single_image image=&#8221;96&#8243; img_size=&#8221;full&#8221; alignment=&#8221;center&#8221; onclick=&#8221;custom_link&#8221; link=&#8221;https:\/\/apartbungalowsmatute.com\/pt-br\/para-7-personas\/&#8221;][vc_custom_heading text=&#8221;PARA 7 PERSONAS&#8221; font_container=&#8221;tag:h2|font_size:20|text_align:center|color:%238b5440|line_height:normal&#8221; google_fonts=&#8221;font_family:Lato%3A100%2C100italic%2C300%2C300italic%2Cregular%2Citalic%2C700%2C700italic%2C900%2C900italic|font_style:300%20light%20regular%3A300%3Anormal&#8221; css=&#8221;.vc_custom_1520019716678{margin-top: -20px !important;}&#8221;][\/vc_column][\/vc_row][vc_row][vc_column]<div class=\"ult-spacer spacer-6a04ddb74a5b2\" data-id=\"6a04ddb74a5b2\" data-height=\"30\" data-height-mobile=\"30\" data-height-tab=\"30\" data-height-tab-portrait=\"\" data-height-mobile-landscape=\"\" style=\"clear:both;display:block;\"><\/div>[\/vc_column][\/vc_row][vc_row type=&#8221;vc_default&#8221; full_width=&#8221;stretch_row&#8221; gap=&#8221;20&#8243; equal_height=&#8221;yes&#8221; content_placement=&#8221;middle&#8221; css=&#8221;.vc_custom_1521491754967{margin-bottom: -70px !important;background-color: #f0f0f0 !important;}&#8221;][vc_column width=&#8221;1\/6&#8243;][\/vc_column][vc_column width=&#8221;1\/6&#8243;][vc_single_image image=&#8221;295&#8243; img_size=&#8221;70&#215;70&#8243; alignment=&#8221;center&#8221; onclick=&#8221;custom_link&#8221; img_link_target=&#8221;_blank&#8221; image_hovers=&#8221;false&#8221; link=&#8221;https:\/\/www.google.com.ar\/search?q=bungalows+matute&amp;oq=bungalows+matute&amp;aqs=chrome..69i57j69i60l3j0.12813j0j9&amp;sourceid=chrome&amp;ie=UTF-8#lrd=0x961a7097c3a2bec5:0x143a17affa85d6cd,1,,,&#8221;][\/vc_column][vc_column width=&#8221;1\/6&#8243;][vc_single_image image=&#8221;296&#8243; img_size=&#8221;90&#215;60&#8243; alignment=&#8221;center&#8221; onclick=&#8221;custom_link&#8221; img_link_target=&#8221;_blank&#8221; image_hovers=&#8221;false&#8221; link=&#8221;http:\/\/www.barilocheturismo.gob.ar\/&#8221;][\/vc_column][vc_column width=&#8221;1\/6&#8243;][vc_single_image image=&#8221;297&#8243; img_size=&#8221;154&#215;40&#8243; alignment=&#8221;center&#8221; image_hovers=&#8221;false&#8221;][\/vc_column][vc_column width=&#8221;1\/6&#8243;][vc_single_image image=&#8221;298&#8243; img_size=&#8221;75&#215;70&#8243; alignment=&#8221;center&#8221; onclick=&#8221;custom_link&#8221; img_link_target=&#8221;_blank&#8221; image_hovers=&#8221;false&#8221; link=&#8221;http:\/\/www.turismo.gov.ar\/&#8221;][\/vc_column][vc_column width=&#8221;1\/6&#8243;][\/vc_column][\/vc_row]<\/p>\n","protected":false},"excerpt":{"rendered":"<p>[vc_row type=&#8221;vc_default&#8221; gap=&#8221;10&#8243; css=&#8221;.vc_custom_1520276435854{margin-top: -30px !important;}&#8221;][vc_column width=&#8221;2\/3&#8243;][layerslider_vc id=&#8221;5&#8243;][\/vc_column][vc_column width=&#8221;1\/3&#8243; css=&#8221;.vc_custom_1520276499189{border-left-width: 1px !important;padding-left: 20px !important;border-left-color: #c9c9c8 !important;border-left-style: solid !important;}&#8221;][vc_column_text]\u00c9 uma unidade de dois ambientes, tipo loft, sem portas de separa\u00e7\u00e3o entre os ambientes, com uma \u00e1rea de jantar e um dormit\u00f3rio. No t\u00e9rreo, h\u00e1 duas camas de solteiro, mesa e cadeiras, TV LCD de 32&#8243;, a&hellip;<\/p>\n","protected":false},"author":1,"featured_media":0,"parent":0,"menu_order":0,"comment_status":"closed","ping_status":"closed","template":"","meta":{"_joinchat":[]},"class_list":["post-450","page","type-page","status-publish","hentry","description-off"],"_links":{"self":[{"href":"https:\/\/apartbungalowsmatute.com\/pt-br\/wp-json\/wp\/v2\/pages\/450","targetHints":{"allow":["GET"]}}],"collection":[{"href":"https:\/\/apartbungalowsmatute.com\/pt-br\/wp-json\/wp\/v2\/pages"}],"about":[{"href":"https:\/\/apartbungalowsmatute.com\/pt-br\/wp-json\/wp\/v2\/types\/page"}],"author":[{"embeddable":true,"href":"https:\/\/apartbungalowsmatute.com\/pt-br\/wp-json\/wp\/v2\/users\/1"}],"replies":[{"embeddable":true,"href":"https:\/\/apartbungalowsmatute.com\/pt-br\/wp-json\/wp\/v2\/comments?post=450"}],"version-history":[{"count":2,"href":"https:\/\/apartbungalowsmatute.com\/pt-br\/wp-json\/wp\/v2\/pages\/450\/revisions"}],"predecessor-version":[{"id":1095,"href":"https:\/\/apartbungalowsmatute.com\/pt-br\/wp-json\/wp\/v2\/pages\/450\/revisions\/1095"}],"wp:attachment":[{"href":"https:\/\/apartbungalowsmatute.com\/pt-br\/wp-json\/wp\/v2\/media?parent=450"}],"curies":[{"name":"wp","href":"https:\/\/api.w.org\/{rel}","templated":true}]}}