{"id":438,"date":"2018-03-02T15:39:06","date_gmt":"2018-03-02T15:39:06","guid":{"rendered":"http:\/\/www.apartbungalowsmatute.com\/web\/el-lugar\/"},"modified":"2025-07-17T07:59:52","modified_gmt":"2025-07-17T10:59:52","slug":"el-lugar","status":"publish","type":"page","link":"https:\/\/apartbungalowsmatute.com\/pt-br\/el-lugar\/","title":{"rendered":"N\u00f3s"},"content":{"rendered":"<p>[vc_row type=&#8221;vc_default&#8221; gap=&#8221;10&#8243; css=&#8221;.vc_custom_1520276435854{margin-top: -30px !important;}&#8221;][vc_column width=&#8221;2\/3&#8243;][layerslider_vc id=&#8221;13&#8243;][\/vc_column][vc_column width=&#8221;1\/3&#8243; css=&#8221;.vc_custom_1520276499189{border-left-width: 1px !important;padding-left: 20px !important;border-left-color: #c9c9c8 !important;border-left-style: solid !important;}&#8221;][vc_column_text]Desde o ano 2000, com ilus\u00e3o e vontades de crescer, trabalhamos numa constante renova\u00e7\u00e3o e evolu\u00e7\u00e3o. Temos como objectivo satisfazer as necessidades de nossos h\u00f3spedes, e para isso trabalhamos procurando constantemente oferecer melhores servi\u00e7os.<\/p>\n<p><strong>Em nossos bungalows voc\u00ea encontrar\u00e1 um espa\u00e7o, em onde poder\u00e1 relaxar e desfrutar da tranquilidade que oferece o paisagem.<\/strong>[\/vc_column_text][vc_btn title=&#8221;RESERVE AGORA&#8221; style=&#8221;custom&#8221; custom_background=&#8221;#af9261&#8243; custom_text=&#8221;#ffffff&#8221; shape=&#8221;square&#8221; size=&#8221;lg&#8221; align=&#8221;left&#8221; link=&#8221;url:https%3A%2F%2Fwww.global-suite.com%2Fsystem%2Fhotel%2Fplugged-apps%2Fbook-vertical.php%3FhotelID%3D325%26lenguaje%3D%26skin%3Dnuevo||target:%20_blank|&#8221;][\/vc_column][\/vc_row][vc_row type=&#8221;vc_default&#8221; css=&#8221;.vc_custom_1520275743783{margin-top: 10px !important;}&#8221;][vc_column][vc_column_text]<\/p>\n<p style=\"text-align: center;\">A categoria de nossa pousada \u00e9 <strong>Apart Hotel de Tr\u00eas Estrelas<\/strong>. Estamos na avenida Exequiel Bustillo que nasce no cora\u00e7\u00e3o da cidade e bordea o lago Nahuel Huapi e termina no Llao-Llao. Numa localiza\u00e7\u00e3o privilegiada, com uma formosa vista ao lago desde todas as unidades.<\/p>\n<p>[\/vc_column_text][\/vc_column][\/vc_row][vc_row type=&#8221;vc_default&#8221; full_width=&#8221;stretch_row&#8221;][vc_column][vc_custom_heading text=&#8221;Vis\u00e3o 360\u00ba&#8221; font_container=&#8221;tag:h2|font_size:40|text_align:center|color:%238b5440|line_height:normal&#8221; google_fonts=&#8221;font_family:Lato%3A100%2C100italic%2C300%2C300italic%2Cregular%2Citalic%2C700%2C700italic%2C900%2C900italic|font_style:100%20light%20regular%3A100%3Anormal&#8221;]<div class=\"ult-spacer spacer-6a04c960111bb\" data-id=\"6a04c960111bb\" data-height=\"30\" data-height-mobile=\"30\" data-height-tab=\"30\" data-height-tab-portrait=\"\" data-height-mobile-landscape=\"\" style=\"clear:both;display:block;\"><\/div>[vc_row_inner][vc_column_inner width=&#8221;1\/6&#8243;][\/vc_column_inner][vc_column_inner width=&#8221;2\/3&#8243;][vc_column_text][dimage url=&#8221;http:\/\/apartbungalowsmatute.com\/wp-content\/uploads\/2018\/03\/panomatute.jpg&#8221; control=&#8221;true&#8221;][\/vc_column_text][\/vc_column_inner][vc_column_inner width=&#8221;1\/6&#8243;][\/vc_column_inner][\/vc_row_inner][\/vc_column][\/vc_row][vc_row type=&#8221;vc_default&#8221; full_width=&#8221;stretch_row&#8221; gap=&#8221;20&#8243; equal_height=&#8221;yes&#8221; content_placement=&#8221;middle&#8221; css=&#8221;.vc_custom_1521491754967{margin-bottom: -70px !important;background-color: #f0f0f0 !important;}&#8221;][vc_column width=&#8221;1\/6&#8243;][\/vc_column][vc_column width=&#8221;1\/6&#8243;][vc_single_image image=&#8221;295&#8243; img_size=&#8221;70&#215;70&#8243; alignment=&#8221;center&#8221; onclick=&#8221;custom_link&#8221; img_link_target=&#8221;_blank&#8221; image_hovers=&#8221;false&#8221; link=&#8221;https:\/\/www.google.com.ar\/search?q=bungalows+matute&amp;oq=bungalows+matute&amp;aqs=chrome..69i57j69i60l3j0.12813j0j9&amp;sourceid=chrome&amp;ie=UTF-8#lrd=0x961a7097c3a2bec5:0x143a17affa85d6cd,1,,,&#8221;][\/vc_column][vc_column width=&#8221;1\/6&#8243;][vc_single_image image=&#8221;296&#8243; img_size=&#8221;90&#215;60&#8243; alignment=&#8221;center&#8221; onclick=&#8221;custom_link&#8221; img_link_target=&#8221;_blank&#8221; image_hovers=&#8221;false&#8221; link=&#8221;http:\/\/www.barilocheturismo.gob.ar\/&#8221;][\/vc_column][vc_column width=&#8221;1\/6&#8243;][vc_single_image image=&#8221;297&#8243; img_size=&#8221;154&#215;40&#8243; alignment=&#8221;center&#8221; image_hovers=&#8221;false&#8221;][\/vc_column][vc_column width=&#8221;1\/6&#8243;][vc_single_image image=&#8221;298&#8243; img_size=&#8221;75&#215;70&#8243; alignment=&#8221;center&#8221; onclick=&#8221;custom_link&#8221; img_link_target=&#8221;_blank&#8221; image_hovers=&#8221;false&#8221; link=&#8221;http:\/\/www.turismo.gov.ar\/&#8221;][\/vc_column][vc_column width=&#8221;1\/6&#8243;][\/vc_column][\/vc_row]<\/p>\n","protected":false},"excerpt":{"rendered":"<p>[vc_row type=&#8221;vc_default&#8221; gap=&#8221;10&#8243; css=&#8221;.vc_custom_1520276435854{margin-top: -30px !important;}&#8221;][vc_column width=&#8221;2\/3&#8243;][layerslider_vc id=&#8221;13&#8243;][\/vc_column][vc_column width=&#8221;1\/3&#8243; css=&#8221;.vc_custom_1520276499189{border-left-width: 1px !important;padding-left: 20px !important;border-left-color: #c9c9c8 !important;border-left-style: solid !important;}&#8221;][vc_column_text]Desde o ano 2000, com ilus\u00e3o e vontades de crescer, trabalhamos numa constante renova\u00e7\u00e3o e evolu\u00e7\u00e3o. Temos como objectivo satisfazer as necessidades de nossos h\u00f3spedes, e para isso trabalhamos procurando constantemente oferecer melhores servi\u00e7os. Em nossos bungalows voc\u00ea&hellip;<\/p>\n","protected":false},"author":1,"featured_media":0,"parent":0,"menu_order":0,"comment_status":"closed","ping_status":"closed","template":"","meta":{"_joinchat":[]},"class_list":["post-438","page","type-page","status-publish","hentry","description-off"],"_links":{"self":[{"href":"https:\/\/apartbungalowsmatute.com\/pt-br\/wp-json\/wp\/v2\/pages\/438","targetHints":{"allow":["GET"]}}],"collection":[{"href":"https:\/\/apartbungalowsmatute.com\/pt-br\/wp-json\/wp\/v2\/pages"}],"about":[{"href":"https:\/\/apartbungalowsmatute.com\/pt-br\/wp-json\/wp\/v2\/types\/page"}],"author":[{"embeddable":true,"href":"https:\/\/apartbungalowsmatute.com\/pt-br\/wp-json\/wp\/v2\/users\/1"}],"replies":[{"embeddable":true,"href":"https:\/\/apartbungalowsmatute.com\/pt-br\/wp-json\/wp\/v2\/comments?post=438"}],"version-history":[{"count":1,"href":"https:\/\/apartbungalowsmatute.com\/pt-br\/wp-json\/wp\/v2\/pages\/438\/revisions"}],"predecessor-version":[{"id":970,"href":"https:\/\/apartbungalowsmatute.com\/pt-br\/wp-json\/wp\/v2\/pages\/438\/revisions\/970"}],"wp:attachment":[{"href":"https:\/\/apartbungalowsmatute.com\/pt-br\/wp-json\/wp\/v2\/media?parent=438"}],"curies":[{"name":"wp","href":"https:\/\/api.w.org\/{rel}","templated":true}]}}