{"id":409,"date":"2018-03-19T18:20:56","date_gmt":"2018-03-19T21:20:56","guid":{"rendered":"http:\/\/www.apartbungalowsmatute.com\/web\/condiciones-generales-de-contratacion\/"},"modified":"2024-04-08T16:06:10","modified_gmt":"2024-04-08T19:06:10","slug":"condiciones-generales-de-contratacion","status":"publish","type":"page","link":"https:\/\/apartbungalowsmatute.com\/pt-br\/condiciones-generales-de-contratacion\/","title":{"rendered":"Condi\u00e7\u00f5es gerais de contrata\u00e7\u00e3o"},"content":{"rendered":"<p>[vc_row type=&#8221;vc_default&#8221; gap=&#8221;10&#8243; css=&#8221;.vc_custom_1520276435854{margin-top: -30px !important;}&#8221;][vc_column width=&#8221;1\/6&#8243;][\/vc_column][vc_column width=&#8221;2\/3&#8243;][vc_column_text]<span style=\"font-weight: 400;\">CONDI\u00c7\u00d5ES DE CONTRATA\u00c7\u00c3O<\/span><\/p>\n<p><span style=\"font-weight: 400;\">AO FAZER A RESERVA, VOC\u00ca EST\u00c1 ACEITANDO AS NOSSAS CONDI\u00c7\u00d5ES DE CONTRATA\u00c7\u00c3O<\/span><\/p>\n<p><span style=\"font-weight: 400;\">\u23f0 HOR\u00c1RIOS \u26a0\ufe0f<\/span><span style=\"font-weight: 400;\"><br \/>\n<\/span><span style=\"font-weight: 400;\">Recep\u00e7\u00e3o das 13:00 \u00e0s 21:00.<\/span><span style=\"font-weight: 400;\"><br \/>\n<\/span><span style=\"font-weight: 400;\">Atendemos mensagens e chamadas entre as 9:00 e as 21:00.<\/span><span style=\"font-weight: 400;\"><br \/>\n<\/span><span style=\"font-weight: 400;\">Check-in das 16:00 \u00e0s 21:00. Se desejar fazer check-in fora destes hor\u00e1rios, por favor, informe-nos atrav\u00e9s deste canal para coordenar a sua chegada. Podemos oferecer guarda de bagagem a partir das 13:00.<\/span><span style=\"font-weight: 400;\"><br \/>\n<\/span><span style=\"font-weight: 400;\">O check-out \u00e9 gratuito at\u00e9 \u00e0s 10:00. Por favor, informe-nos via WhatsApp sobre o seu hor\u00e1rio de partida para coordenar a entrega das chaves. Tamb\u00e9m agradecemos e valorizamos se voc\u00ea deixar o apartamento o mais semelhante poss\u00edvel ao estado em que o encontrou.<\/span><\/p>\n<p><span style=\"font-weight: 400;\">A estadia m\u00ednima \u00e9 de 3 noites na baixa temporada.<\/span><\/p>\n<p><span style=\"font-weight: 400;\">SERVI\u00c7O DE LIMPEZA \ud83e\uddf9<\/span><span style=\"font-weight: 400;\"><br \/>\n<\/span><span style=\"font-weight: 400;\">O servi\u00e7o \u00e9 gratuito, em dias alternados.<\/span><span style=\"font-weight: 400;\"><br \/>\n<\/span><span style=\"font-weight: 400;\">Se desejar servi\u00e7o di\u00e1rio, h\u00e1 um custo adicional de $2000 por dia.<\/span><span style=\"font-weight: 400;\"><br \/>\n<\/span><span style=\"font-weight: 400;\">Os h\u00f3spedes s\u00e3o respons\u00e1veis pela lavagem da lou\u00e7a.<\/span><\/p>\n<p><span style=\"font-weight: 400;\">\u00c1REA DE CHURRASQUEIRA (Quincho) \ud83c\udfb1<\/span><span style=\"font-weight: 400;\"><br \/>\n<\/span><span style=\"font-weight: 400;\">O servi\u00e7o \u00e9 para compartilhar.<\/span><span style=\"font-weight: 400;\"><br \/>\n<\/span><span style=\"font-weight: 400;\">Voc\u00ea pode permanecer at\u00e9 \u00e0s 23:30.<\/span><span style=\"font-weight: 400;\"><br \/>\n<\/span><span style=\"font-weight: 400;\">Pedimos que mantenha a prud\u00eancia com o ru\u00eddo e respeite as horas de descanso dos outros h\u00f3spedes.<\/span><\/p>\n<p><span style=\"font-weight: 400;\">ESTACIONAMENTO \ud83d\ude97<\/span><span style=\"font-weight: 400;\"><br \/>\n<\/span><span style=\"font-weight: 400;\">\u00c9 gratuito para um ve\u00edculo por unidade.<\/span><span style=\"font-weight: 400;\"><br \/>\n<\/span><span style=\"font-weight: 400;\">O estacionamento adicional incorre numa taxa de $3000 por dia.<\/span><span style=\"font-weight: 400;\"><br \/>\n<\/span><span style=\"font-weight: 400;\">As unidades do tipo H t\u00eam lugares de estacionamento na Avenida Bustillo.<\/span><\/p>\n<p><span style=\"font-weight: 400;\">INSTALA\u00c7\u00d5ES PARA CRIAN\u00c7AS \ud83d\udc67\ud83c\udffd\ud83d\udc66\ud83c\udffe<\/span><span style=\"font-weight: 400;\"><br \/>\n<\/span><span style=\"font-weight: 400;\">Escorregador e baloi\u00e7os est\u00e3o dispon\u00edveis para crian\u00e7as at\u00e9 aos 11 anos ou 40 kg.<\/span><span style=\"font-weight: 400;\"><br \/>\n<\/span><span style=\"font-weight: 400;\">Sempre acompanhadas por um adulto respons\u00e1vel.<\/span><\/p>\n<p><span style=\"font-weight: 400;\">POL\u00cdTICA DE TABACO<\/span><span style=\"font-weight: 400;\"><br \/>\n<\/span><span style=\"font-weight: 400;\">Agradecemos por N\u00c3O fumar \ud83d\udeac\ud83d\udeab nos quartos ou nas instala\u00e7\u00f5es do apart-hotel.<\/span><\/p>\n<p><span style=\"font-weight: 400;\">POL\u00cdTICA DE ANIMAIS DE ESTIMA\u00c7\u00c3O<\/span><span style=\"font-weight: 400;\"><br \/>\n<\/span><span style=\"font-weight: 400;\">Animais de estima\u00e7\u00e3o \ud83d\udc36\ud83d\udc31 n\u00e3o s\u00e3o permitidos no apartamento.<\/span><\/p>\n<p><span style=\"font-weight: 400;\">DIREITO DE ADMISS\u00c3O<\/span><span style=\"font-weight: 400;\"><br \/>\n<\/span><span style=\"font-weight: 400;\">O Estabelecimento reserva-se o direito de admiss\u00e3o de visitantes ocasionais, e em nenhuma circunst\u00e2ncia ser\u00e1 permitido o acesso \u00e0s unidades. Em caso de n\u00e3o cumprimento de qualquer dos pontos, a ger\u00eancia reserva-se o direito de solicitar a sa\u00edda imediata do visitante. Da mesma forma, a sa\u00edda pode ser solicitada se os h\u00f3spedes n\u00e3o cumprirem as diretrizes estabelecidas neste regulamento.<\/span><\/p>\n<p><span style=\"font-weight: 400;\">CONDI\u00c7\u00d5ES DE RESERVA E CANCELAMENTO<\/span><span style=\"font-weight: 400;\"><br \/>\n<\/span><span style=\"font-weight: 400;\">M\u00e9todos de pagamento aceitos:<\/span><span style=\"font-weight: 400;\"><br \/>\n<\/span><span style=\"font-weight: 400;\">Dinheiro \ud83d\udcb4<\/span><span style=\"font-weight: 400;\"><br \/>\n<\/span><span style=\"font-weight: 400;\">Transfer\u00eancia banc\u00e1ria \ud83d\udcb8<\/span><span style=\"font-weight: 400;\"><br \/>\n<\/span><span style=\"font-weight: 400;\">Cart\u00e3o de cr\u00e9dito \ud83d\udcb3 &#8211; ACEITAMOS VISA, MASTER, AMEX &#8211;<\/span><span style=\"font-weight: 400;\"><br \/>\n<\/span><span style=\"font-weight: 400;\">Cart\u00e3o de d\u00e9bito \ud83e\udeaa<\/span><span style=\"font-weight: 400;\"><br \/>\n<\/span><span style=\"font-weight: 400;\">Mercado Pago<\/span><span style=\"font-weight: 400;\"><br \/>\n<\/span><span style=\"font-weight: 400;\">-S\u00e3o necess\u00e1rios detalhes de cart\u00e3o de cr\u00e9dito\/d\u00e9bito v\u00e1lidos-<\/span><span style=\"font-weight: 400;\"><br \/>\n<\/span><span style=\"font-weight: 400;\">Reserva:<\/span><span style=\"font-weight: 400;\"><br \/>\n<\/span><span style=\"font-weight: 400;\">Transferindo 30% do custo total da sua estadia \u27a1\ufe0f O saldo \u00e9 convertido em d\u00f3lares \u00e0 taxa de c\u00e2mbio oficial e pago na entrada ao c\u00e2mbio de venda do Banco Naci\u00f3n na data do pagamento.<\/span><span style=\"font-weight: 400;\"><br \/>\n<\/span><span style=\"font-weight: 400;\">Com um pagamento \u00fanico de 30% do custo total da sua estadia com cart\u00e3o de cr\u00e9dito \u27a1\ufe0f O saldo \u00e9 convertido em d\u00f3lares \u00e0 taxa de c\u00e2mbio oficial e pago na entrada ao c\u00e2mbio de venda do Banco Naci\u00f3n na data do pagamento.<\/span><span style=\"font-weight: 400;\"><br \/>\n<\/span><span style=\"font-weight: 400;\">Reserva e pagamento total, em parcelas com PLANO SIMPLES<\/span><span style=\"font-weight: 400;\"><br \/>\n<\/span><span style=\"font-weight: 400;\">Lembre-se de que o valor listado no site n\u00e3o inclui IVA.<\/span><span style=\"font-weight: 400;\"><br \/>\n<\/span><span style=\"font-weight: 400;\">A reserva n\u00e3o \u00e9 reembols\u00e1vel e abrange todo o per\u00edodo acordado e o montante acordado. Est\u00e1 sujeita a reprograma\u00e7\u00e3o por acordo m\u00fatuo e de acordo com a disponibilidade de datas; com um m\u00ednimo de 10 dias de anteced\u00eancia.<\/span><\/p>\n<p><span style=\"font-weight: 400;\">IMPORTANTE: Imposto Municipal<\/span><span style=\"font-weight: 400;\"><br \/>\n<\/span><span style=\"font-weight: 400;\">Antes de entrar, voc\u00ea deve pagar o imposto municipal (ecotaxa) atrav\u00e9s do seguinte link da Municipalidade de Bariloche, \ud83d\udd17 www.bit.ly\/bariloche-ecotasa.<\/span><span style=\"font-weight: 400;\"><br \/>\n<\/span><span style=\"font-weight: 400;\">\u00c9 pago por um m\u00e1ximo de 3 noites.<\/span><span style=\"font-weight: 400;\"><br \/>\n<\/span><span style=\"font-weight: 400;\">Envie o recibo de pagamento via \ud83d\udcf1 WhatsApp.<\/span><\/p>\n<p><span style=\"font-weight: 400;\">Obrigado \ud83d\ude4c\ud83c\udffd por ler at\u00e9 aqui.<\/span>[\/vc_column_text][\/vc_column][vc_column width=&#8221;1\/6&#8243;][\/vc_column][\/vc_row][vc_row type=&#8221;vc_default&#8221; full_width=&#8221;stretch_row&#8221; gap=&#8221;20&#8243; equal_height=&#8221;yes&#8221; content_placement=&#8221;middle&#8221; css=&#8221;.vc_custom_1521491754967{margin-bottom: -70px !important;background-color: #f0f0f0 !important;}&#8221;][vc_column width=&#8221;1\/6&#8243;][\/vc_column][vc_column width=&#8221;1\/6&#8243;][vc_single_image image=&#8221;295&#8243; img_size=&#8221;70&#215;70&#8243; alignment=&#8221;center&#8221; onclick=&#8221;custom_link&#8221; img_link_target=&#8221;_blank&#8221; image_hovers=&#8221;false&#8221; link=&#8221;https:\/\/www.google.com.ar\/search?q=bungalows+matute&amp;oq=bungalows+matute&amp;aqs=chrome..69i57j69i60l3j0.12813j0j9&amp;sourceid=chrome&amp;ie=UTF-8#lrd=0x961a7097c3a2bec5:0x143a17affa85d6cd,1,,,&#8221;][\/vc_column][vc_column width=&#8221;1\/6&#8243;][vc_single_image image=&#8221;296&#8243; img_size=&#8221;90&#215;60&#8243; alignment=&#8221;center&#8221; onclick=&#8221;custom_link&#8221; img_link_target=&#8221;_blank&#8221; image_hovers=&#8221;false&#8221; link=&#8221;http:\/\/www.barilocheturismo.gob.ar\/&#8221;][\/vc_column][vc_column width=&#8221;1\/6&#8243;][vc_single_image image=&#8221;297&#8243; img_size=&#8221;154&#215;40&#8243; alignment=&#8221;center&#8221; image_hovers=&#8221;false&#8221;][\/vc_column][vc_column width=&#8221;1\/6&#8243;][vc_single_image image=&#8221;298&#8243; img_size=&#8221;75&#215;70&#8243; alignment=&#8221;center&#8221; onclick=&#8221;custom_link&#8221; img_link_target=&#8221;_blank&#8221; image_hovers=&#8221;false&#8221; link=&#8221;http:\/\/www.turismo.gov.ar\/&#8221;][\/vc_column][vc_column width=&#8221;1\/6&#8243;][\/vc_column][\/vc_row]<\/p>\n","protected":false},"excerpt":{"rendered":"<p>[vc_row type=&#8221;vc_default&#8221; gap=&#8221;10&#8243; css=&#8221;.vc_custom_1520276435854{margin-top: -30px !important;}&#8221;][vc_column width=&#8221;1\/6&#8243;][\/vc_column][vc_column width=&#8221;2\/3&#8243;][vc_column_text]CONDI\u00c7\u00d5ES DE CONTRATA\u00c7\u00c3O AO FAZER A RESERVA, VOC\u00ca EST\u00c1 ACEITANDO AS NOSSAS CONDI\u00c7\u00d5ES DE CONTRATA\u00c7\u00c3O \u23f0 HOR\u00c1RIOS \u26a0\ufe0f Recep\u00e7\u00e3o das 13:00 \u00e0s 21:00. Atendemos mensagens e chamadas entre as 9:00 e as 21:00. Check-in das 16:00 \u00e0s 21:00. Se desejar fazer check-in fora destes hor\u00e1rios, por favor, informe-nos&hellip;<\/p>\n","protected":false},"author":1,"featured_media":0,"parent":0,"menu_order":0,"comment_status":"closed","ping_status":"closed","template":"","meta":{"_joinchat":[]},"class_list":["post-409","page","type-page","status-publish","hentry","description-off"],"_links":{"self":[{"href":"https:\/\/apartbungalowsmatute.com\/pt-br\/wp-json\/wp\/v2\/pages\/409","targetHints":{"allow":["GET"]}}],"collection":[{"href":"https:\/\/apartbungalowsmatute.com\/pt-br\/wp-json\/wp\/v2\/pages"}],"about":[{"href":"https:\/\/apartbungalowsmatute.com\/pt-br\/wp-json\/wp\/v2\/types\/page"}],"author":[{"embeddable":true,"href":"https:\/\/apartbungalowsmatute.com\/pt-br\/wp-json\/wp\/v2\/users\/1"}],"replies":[{"embeddable":true,"href":"https:\/\/apartbungalowsmatute.com\/pt-br\/wp-json\/wp\/v2\/comments?post=409"}],"version-history":[{"count":0,"href":"https:\/\/apartbungalowsmatute.com\/pt-br\/wp-json\/wp\/v2\/pages\/409\/revisions"}],"wp:attachment":[{"href":"https:\/\/apartbungalowsmatute.com\/pt-br\/wp-json\/wp\/v2\/media?parent=409"}],"curies":[{"name":"wp","href":"https:\/\/api.w.org\/{rel}","templated":true}]}}