{"id":397,"date":"2018-03-02T15:38:18","date_gmt":"2018-03-02T18:38:18","guid":{"rendered":"http:\/\/www.apartbungalowsmatute.com\/web\/apart-bustillo\/"},"modified":"2024-02-12T17:47:26","modified_gmt":"2024-02-12T20:47:26","slug":"apart-bustillo","status":"publish","type":"page","link":"https:\/\/apartbungalowsmatute.com\/pt-br\/apart-bustillo\/","title":{"rendered":"Apart Matute Bustillo"},"content":{"rendered":"<p>[vc_row type=&#8221;vc_default&#8221; css=&#8221;.vc_custom_1520014628342{margin-top: -40px !important;}&#8221;][vc_column width=&#8221;1\/6&#8243;][\/vc_column][vc_column width=&#8221;2\/3&#8243; css=&#8221;.vc_custom_1520013693949{padding-right: 40px !important;padding-left: 40px !important;}&#8221;][vc_custom_heading text=&#8221;APART MATUTE BUSTILLO&#8221; font_container=&#8221;tag:h2|font_size:40|text_align:center|color:%238b5440|line_height:normal&#8221; google_fonts=&#8221;font_family:Lato%3A100%2C100italic%2C300%2C300italic%2Cregular%2Citalic%2C700%2C700italic%2C900%2C900italic|font_style:300%20light%20regular%3A300%3Anormal&#8221;][vc_column_text css=&#8221;.vc_custom_1522172936442{margin-top: 30px !important;}&#8221;]<\/p>\n<p style=\"text-align: center;\">A categoria de nossa pousada \u00e9 <strong>Apart Hotel de Tr\u00eas Estrelas<\/strong>. Estamos na avenida Exequiel Bustillo que nasce no cora\u00e7\u00e3o da cidade e bordea o lago Nahuel Huapi e termina no Llao-Llao. Numa localiza\u00e7\u00e3o privilegiada, com uma formosa vista ao lago desde todas as unidades.<\/p>\n<p>[\/vc_column_text][\/vc_column][vc_column width=&#8221;1\/6&#8243;][\/vc_column][\/vc_row][vc_row type=&#8221;vc_default&#8221; full_width=&#8221;stretch_row&#8221;][vc_column width=&#8221;1\/3&#8243;][vc_single_image image=&#8221;92&#8243; img_size=&#8221;full&#8221; alignment=&#8221;center&#8221; onclick=&#8221;custom_link&#8221; link=&#8221;https:\/\/apartbungalowsmatute.com\/pt-br\/para-2-personas\/&#8221;][vc_custom_heading text=&#8221;BUNGALOW 2 PESSOAS&#8221; font_container=&#8221;tag:h2|font_size:20|text_align:center|color:%238b5440|line_height:normal&#8221; google_fonts=&#8221;font_family:Lato%3A100%2C100italic%2C300%2C300italic%2Cregular%2Citalic%2C700%2C700italic%2C900%2C900italic|font_style:300%20light%20regular%3A300%3Anormal&#8221; css=&#8221;.vc_custom_1522172948224{margin-top: -20px !important;}&#8221;][\/vc_column][vc_column width=&#8221;1\/3&#8243;][vc_single_image image=&#8221;694&#8243; img_size=&#8221;full&#8221; alignment=&#8221;center&#8221; onclick=&#8221;custom_link&#8221; link=&#8221;https:\/\/apartbungalowsmatute.com\/pt-br\/estudio-bustillo\/&#8221;][vc_custom_heading text=&#8221;BUNGALOW 2\/3 PESSOAS&#8221; font_container=&#8221;tag:h2|font_size:20|text_align:center|color:%238b5440|line_height:normal&#8221; google_fonts=&#8221;font_family:Lato%3A100%2C100italic%2C300%2C300italic%2Cregular%2Citalic%2C700%2C700italic%2C900%2C900italic|font_style:300%20light%20regular%3A300%3Anormal&#8221; css=&#8221;.vc_custom_1707770823170{margin-top: -20px !important;}&#8221;][\/vc_column][vc_column width=&#8221;1\/3&#8243;][vc_single_image image=&#8221;93&#8243; img_size=&#8221;full&#8221; alignment=&#8221;center&#8221; onclick=&#8221;custom_link&#8221; link=&#8221;https:\/\/apartbungalowsmatute.com\/pt-br\/para-3-4-personas\/&#8221;][vc_custom_heading text=&#8221;BUNGALOW 3\/4 PESSOAS&#8221; font_container=&#8221;tag:h2|font_size:20|text_align:center|color:%238b5440|line_height:normal&#8221; google_fonts=&#8221;font_family:Lato%3A100%2C100italic%2C300%2C300italic%2Cregular%2Citalic%2C700%2C700italic%2C900%2C900italic|font_style:300%20light%20regular%3A300%3Anormal&#8221; css=&#8221;.vc_custom_1522172959983{margin-top: -20px !important;}&#8221;][\/vc_column][\/vc_row][vc_row][vc_column]<div class=\"ult-spacer spacer-6a04c934b0c0f\" data-id=\"6a04c934b0c0f\" data-height=\"30\" data-height-mobile=\"30\" data-height-tab=\"30\" data-height-tab-portrait=\"\" data-height-mobile-landscape=\"\" style=\"clear:both;display:block;\"><\/div>[\/vc_column][\/vc_row][vc_row type=&#8221;vc_default&#8221; full_width=&#8221;stretch_row&#8221;][vc_column width=&#8221;1\/3&#8243;][vc_single_image image=&#8221;94&#8243; img_size=&#8221;full&#8221; alignment=&#8221;center&#8221; onclick=&#8221;custom_link&#8221; link=&#8221;https:\/\/apartbungalowsmatute.com\/pt-br\/para-4-personas\/&#8221;][vc_custom_heading text=&#8221;BUNGALOW 4 PESSOAS&#8221; font_container=&#8221;tag:h2|font_size:20|text_align:center|color:%238b5440|line_height:normal&#8221; google_fonts=&#8221;font_family:Lato%3A100%2C100italic%2C300%2C300italic%2Cregular%2Citalic%2C700%2C700italic%2C900%2C900italic|font_style:300%20light%20regular%3A300%3Anormal&#8221; css=&#8221;.vc_custom_1522172969094{margin-top: -20px !important;}&#8221;][\/vc_column][vc_column width=&#8221;1\/3&#8243;][vc_single_image image=&#8221;95&#8243; img_size=&#8221;full&#8221; alignment=&#8221;center&#8221; onclick=&#8221;custom_link&#8221; link=&#8221;https:\/\/apartbungalowsmatute.com\/pt-br\/para-5-personas\/&#8221;][vc_custom_heading text=&#8221;BUNGALOW 5 PESSOAS&#8221; font_container=&#8221;tag:h2|font_size:20|text_align:center|color:%238b5440|line_height:normal&#8221; google_fonts=&#8221;font_family:Lato%3A100%2C100italic%2C300%2C300italic%2Cregular%2Citalic%2C700%2C700italic%2C900%2C900italic|font_style:300%20light%20regular%3A300%3Anormal&#8221; css=&#8221;.vc_custom_1522172978925{margin-top: -20px !important;}&#8221;][\/vc_column][vc_column width=&#8221;1\/3&#8243;][vc_single_image image=&#8221;96&#8243; img_size=&#8221;full&#8221; alignment=&#8221;center&#8221; onclick=&#8221;custom_link&#8221; link=&#8221;https:\/\/apartbungalowsmatute.com\/pt-br\/para-7-personas\/&#8221;][vc_custom_heading text=&#8221;BUNGALOW 7 PESSOAS&#8221; font_container=&#8221;tag:h2|font_size:20|text_align:center|color:%238b5440|line_height:normal&#8221; google_fonts=&#8221;font_family:Lato%3A100%2C100italic%2C300%2C300italic%2Cregular%2Citalic%2C700%2C700italic%2C900%2C900italic|font_style:300%20light%20regular%3A300%3Anormal&#8221; css=&#8221;.vc_custom_1522172988859{margin-top: -20px !important;}&#8221;][\/vc_column][\/vc_row][vc_row][vc_column]<div class=\"ult-spacer spacer-6a04c934b0c35\" data-id=\"6a04c934b0c35\" data-height=\"30\" data-height-mobile=\"30\" data-height-tab=\"30\" data-height-tab-portrait=\"\" data-height-mobile-landscape=\"\" style=\"clear:both;display:block;\"><\/div>[\/vc_column][\/vc_row][vc_row type=&#8221;vc_default&#8221; full_width=&#8221;stretch_row&#8221; gap=&#8221;20&#8243; equal_height=&#8221;yes&#8221; content_placement=&#8221;middle&#8221; css=&#8221;.vc_custom_1522174973529{margin-top: 50px !important;margin-bottom: -70px !important;background-color: #f0f0f0 !important;}&#8221;][vc_column width=&#8221;1\/6&#8243;][\/vc_column][vc_column width=&#8221;1\/6&#8243;][vc_single_image image=&#8221;295&#8243; img_size=&#8221;70&#215;70&#8243; alignment=&#8221;center&#8221; onclick=&#8221;custom_link&#8221; img_link_target=&#8221;_blank&#8221; image_hovers=&#8221;false&#8221; link=&#8221;https:\/\/www.google.com.ar\/search?q=bungalows+matute&amp;oq=bungalows+matute&amp;aqs=chrome..69i57j69i60l3j0.12813j0j9&amp;sourceid=chrome&amp;ie=UTF-8#lrd=0x961a7097c3a2bec5:0x143a17affa85d6cd,1,,,&#8221;][\/vc_column][vc_column width=&#8221;1\/6&#8243;][vc_single_image image=&#8221;296&#8243; img_size=&#8221;90&#215;60&#8243; alignment=&#8221;center&#8221; onclick=&#8221;custom_link&#8221; img_link_target=&#8221;_blank&#8221; image_hovers=&#8221;false&#8221; link=&#8221;http:\/\/www.barilocheturismo.gob.ar\/&#8221;][\/vc_column][vc_column width=&#8221;1\/6&#8243;][vc_single_image image=&#8221;297&#8243; img_size=&#8221;154&#215;40&#8243; alignment=&#8221;center&#8221; image_hovers=&#8221;false&#8221;][\/vc_column][vc_column width=&#8221;1\/6&#8243;][vc_single_image image=&#8221;298&#8243; img_size=&#8221;75&#215;70&#8243; alignment=&#8221;center&#8221; onclick=&#8221;custom_link&#8221; img_link_target=&#8221;_blank&#8221; image_hovers=&#8221;false&#8221; link=&#8221;http:\/\/www.turismo.gov.ar\/&#8221;][\/vc_column][vc_column width=&#8221;1\/6&#8243;][\/vc_column][\/vc_row]<\/p>\n","protected":false},"excerpt":{"rendered":"<p>[vc_row type=&#8221;vc_default&#8221; css=&#8221;.vc_custom_1520014628342{margin-top: -40px !important;}&#8221;][vc_column width=&#8221;1\/6&#8243;][\/vc_column][vc_column width=&#8221;2\/3&#8243; css=&#8221;.vc_custom_1520013693949{padding-right: 40px !important;padding-left: 40px !important;}&#8221;][vc_custom_heading text=&#8221;APART MATUTE BUSTILLO&#8221; font_container=&#8221;tag:h2|font_size:40|text_align:center|color:%238b5440|line_height:normal&#8221; google_fonts=&#8221;font_family:Lato%3A100%2C100italic%2C300%2C300italic%2Cregular%2Citalic%2C700%2C700italic%2C900%2C900italic|font_style:300%20light%20regular%3A300%3Anormal&#8221;][vc_column_text css=&#8221;.vc_custom_1522172936442{margin-top: 30px !important;}&#8221;] A categoria de nossa pousada \u00e9 Apart Hotel de Tr\u00eas Estrelas. Estamos na avenida Exequiel Bustillo que nasce no cora\u00e7\u00e3o da cidade e bordea o lago Nahuel Huapi e termina no Llao-Llao. Numa localiza\u00e7\u00e3o privilegiada,&hellip;<\/p>\n","protected":false},"author":1,"featured_media":0,"parent":0,"menu_order":0,"comment_status":"closed","ping_status":"closed","template":"","meta":{"_joinchat":[]},"class_list":["post-397","page","type-page","status-publish","hentry","description-off"],"_links":{"self":[{"href":"https:\/\/apartbungalowsmatute.com\/pt-br\/wp-json\/wp\/v2\/pages\/397","targetHints":{"allow":["GET"]}}],"collection":[{"href":"https:\/\/apartbungalowsmatute.com\/pt-br\/wp-json\/wp\/v2\/pages"}],"about":[{"href":"https:\/\/apartbungalowsmatute.com\/pt-br\/wp-json\/wp\/v2\/types\/page"}],"author":[{"embeddable":true,"href":"https:\/\/apartbungalowsmatute.com\/pt-br\/wp-json\/wp\/v2\/users\/1"}],"replies":[{"embeddable":true,"href":"https:\/\/apartbungalowsmatute.com\/pt-br\/wp-json\/wp\/v2\/comments?post=397"}],"version-history":[{"count":0,"href":"https:\/\/apartbungalowsmatute.com\/pt-br\/wp-json\/wp\/v2\/pages\/397\/revisions"}],"wp:attachment":[{"href":"https:\/\/apartbungalowsmatute.com\/pt-br\/wp-json\/wp\/v2\/media?parent=397"}],"curies":[{"name":"wp","href":"https:\/\/api.w.org\/{rel}","templated":true}]}}