{"id":400,"date":"2018-03-02T15:38:50","date_gmt":"2018-03-02T18:38:50","guid":{"rendered":"http:\/\/www.apartbungalowsmatute.com\/web\/apart-chacay\/"},"modified":"2025-07-08T17:50:10","modified_gmt":"2025-07-08T20:50:10","slug":"apart-chacay","status":"publish","type":"page","link":"https:\/\/apartbungalowsmatute.com\/en\/apart-chacay\/","title":{"rendered":"Apart Matute Chacay"},"content":{"rendered":"<p>[vc_row type=&#8221;vc_default&#8221; css=&#8221;.vc_custom_1520014628342{margin-top: -40px !important;}&#8221;][vc_column width=&#8221;1\/6&#8243;][\/vc_column][vc_column width=&#8221;2\/3&#8243; css=&#8221;.vc_custom_1520013693949{padding-right: 40px !important;padding-left: 40px !important;}&#8221;][vc_custom_heading text=&#8221;APART MATUTE CHACAY&#8221; font_container=&#8221;tag:h2|font_size:40|text_align:center|color:%238b5440|line_height:normal&#8221; google_fonts=&#8221;font_family:Lato%3A100%2C100italic%2C300%2C300italic%2Cregular%2Citalic%2C700%2C700italic%2C900%2C900italic|font_style:300%20light%20regular%3A300%3Anormal&#8221;][vc_column_text css=&#8221;.vc_custom_1752007787194{margin-top: 30px !important;}&#8221;]<\/p>\n<p style=\"text-align: center;\">Todos nuestros departamentos en APART CHACAY est\u00e1n amoblados y equipados para una estancia confortable: ba\u00f1o con hidromasaje y calefacci\u00f3n, cocina, acceso wifi, y calefacci\u00f3n y agua caliente centrales. Algunas unidades cuentan con balc\u00f3n con vista al lago y parrillas individuales el\u00e9ctricas. Otras unidades con balc\u00f3n terraza con vista a la piscina y parrillas el\u00e9ctricas. Estacionamiento interno.<\/p>\n<p>[\/vc_column_text][\/vc_column][vc_column width=&#8221;1\/6&#8243;][\/vc_column][\/vc_row][vc_row type=&#8221;vc_default&#8221; full_width=&#8221;stretch_row&#8221; css=&#8221;.vc_custom_1520281618589{margin-top: 70px !important;}&#8221;][vc_column width=&#8221;1\/3&#8243;][vc_single_image image=&#8221;200&#8243; img_size=&#8221;full&#8221; alignment=&#8221;center&#8221; onclick=&#8221;custom_link&#8221; link=&#8221;https:\/\/apartbungalowsmatute.com\/en\/monoambiente\/&#8221;][vc_custom_heading text=&#8221;MONOAMBIENTE&#8221; font_container=&#8221;tag:h2|font_size:20|text_align:center|color:%238b5440|line_height:normal&#8221; google_fonts=&#8221;font_family:Lato%3A100%2C100italic%2C300%2C300italic%2Cregular%2Citalic%2C700%2C700italic%2C900%2C900italic|font_style:300%20light%20regular%3A300%3Anormal&#8221; css=&#8221;.vc_custom_1520279992063{margin-top: -20px !important;}&#8221;][\/vc_column][vc_column width=&#8221;1\/3&#8243;][vc_single_image image=&#8221;201&#8243; img_size=&#8221;full&#8221; alignment=&#8221;center&#8221; onclick=&#8221;custom_link&#8221; link=&#8221;https:\/\/apartbungalowsmatute.com\/en\/2-ambientes\/&#8221;][vc_custom_heading text=&#8221;2 AMBIENTES&#8221; font_container=&#8221;tag:h2|font_size:20|text_align:center|color:%238b5440|line_height:normal&#8221; google_fonts=&#8221;font_family:Lato%3A100%2C100italic%2C300%2C300italic%2Cregular%2Citalic%2C700%2C700italic%2C900%2C900italic|font_style:300%20light%20regular%3A300%3Anormal&#8221; css=&#8221;.vc_custom_1520280001031{margin-top: -20px !important;}&#8221;][\/vc_column][vc_column width=&#8221;1\/3&#8243;][vc_single_image image=&#8221;202&#8243; img_size=&#8221;full&#8221; alignment=&#8221;center&#8221; onclick=&#8221;custom_link&#8221; link=&#8221;https:\/\/apartbungalowsmatute.com\/en\/duplex\/&#8221;][vc_custom_heading text=&#8221;D\u00daPLEX&#8221; font_container=&#8221;tag:h2|font_size:20|text_align:center|color:%238b5440|line_height:normal&#8221; google_fonts=&#8221;font_family:Lato%3A100%2C100italic%2C300%2C300italic%2Cregular%2Citalic%2C700%2C700italic%2C900%2C900italic|font_style:300%20light%20regular%3A300%3Anormal&#8221; css=&#8221;.vc_custom_1520280010898{margin-top: -20px !important;}&#8221;][\/vc_column][\/vc_row][vc_row type=&#8221;vc_default&#8221; full_width=&#8221;stretch_row&#8221; gap=&#8221;20&#8243; equal_height=&#8221;yes&#8221; content_placement=&#8221;middle&#8221; css=&#8221;.vc_custom_1522175110639{margin-top: 50px !important;margin-bottom: -70px !important;background-color: #f0f0f0 !important;}&#8221;][vc_column width=&#8221;1\/6&#8243;][\/vc_column][vc_column width=&#8221;1\/6&#8243;][vc_single_image image=&#8221;295&#8243; img_size=&#8221;70&#215;70&#8243; alignment=&#8221;center&#8221; onclick=&#8221;custom_link&#8221; img_link_target=&#8221;_blank&#8221; image_hovers=&#8221;false&#8221; link=&#8221;https:\/\/www.google.com.ar\/search?q=bungalows+matute&amp;oq=bungalows+matute&amp;aqs=chrome..69i57j69i60l3j0.12813j0j9&amp;sourceid=chrome&amp;ie=UTF-8#lrd=0x961a7097c3a2bec5:0x143a17affa85d6cd,1,,,&#8221;][\/vc_column][vc_column width=&#8221;1\/6&#8243;][vc_single_image image=&#8221;296&#8243; img_size=&#8221;90&#215;60&#8243; alignment=&#8221;center&#8221; onclick=&#8221;custom_link&#8221; img_link_target=&#8221;_blank&#8221; image_hovers=&#8221;false&#8221; link=&#8221;http:\/\/www.barilocheturismo.gob.ar\/&#8221;][\/vc_column][vc_column width=&#8221;1\/6&#8243;][vc_single_image image=&#8221;297&#8243; img_size=&#8221;154&#215;40&#8243; alignment=&#8221;center&#8221; image_hovers=&#8221;false&#8221;][\/vc_column][vc_column width=&#8221;1\/6&#8243;][vc_single_image image=&#8221;298&#8243; img_size=&#8221;75&#215;70&#8243; alignment=&#8221;center&#8221; onclick=&#8221;custom_link&#8221; img_link_target=&#8221;_blank&#8221; image_hovers=&#8221;false&#8221; link=&#8221;http:\/\/www.turismo.gov.ar\/&#8221;][\/vc_column][vc_column width=&#8221;1\/6&#8243;][\/vc_column][\/vc_row]<\/p>\n","protected":false},"excerpt":{"rendered":"<p>[vc_row type=&#8221;vc_default&#8221; css=&#8221;.vc_custom_1520014628342{margin-top: -40px !important;}&#8221;][vc_column width=&#8221;1\/6&#8243;][\/vc_column][vc_column width=&#8221;2\/3&#8243; css=&#8221;.vc_custom_1520013693949{padding-right: 40px !important;padding-left: 40px !important;}&#8221;][vc_custom_heading text=&#8221;APART MATUTE CHACAY&#8221; font_container=&#8221;tag:h2|font_size:40|text_align:center|color:%238b5440|line_height:normal&#8221; google_fonts=&#8221;font_family:Lato%3A100%2C100italic%2C300%2C300italic%2Cregular%2Citalic%2C700%2C700italic%2C900%2C900italic|font_style:300%20light%20regular%3A300%3Anormal&#8221;][vc_column_text css=&#8221;.vc_custom_1752007787194{margin-top: 30px !important;}&#8221;] Todos nuestros departamentos en APART CHACAY est\u00e1n amoblados y equipados para una estancia confortable: ba\u00f1o con hidromasaje y calefacci\u00f3n, cocina, acceso wifi, y calefacci\u00f3n y agua caliente centrales. Algunas unidades cuentan con balc\u00f3n con vista&hellip;<\/p>\n","protected":false},"author":1,"featured_media":0,"parent":0,"menu_order":0,"comment_status":"closed","ping_status":"closed","template":"","meta":{"_joinchat":[]},"class_list":["post-400","page","type-page","status-publish","hentry","description-off"],"_links":{"self":[{"href":"https:\/\/apartbungalowsmatute.com\/en\/wp-json\/wp\/v2\/pages\/400","targetHints":{"allow":["GET"]}}],"collection":[{"href":"https:\/\/apartbungalowsmatute.com\/en\/wp-json\/wp\/v2\/pages"}],"about":[{"href":"https:\/\/apartbungalowsmatute.com\/en\/wp-json\/wp\/v2\/types\/page"}],"author":[{"embeddable":true,"href":"https:\/\/apartbungalowsmatute.com\/en\/wp-json\/wp\/v2\/users\/1"}],"replies":[{"embeddable":true,"href":"https:\/\/apartbungalowsmatute.com\/en\/wp-json\/wp\/v2\/comments?post=400"}],"version-history":[{"count":1,"href":"https:\/\/apartbungalowsmatute.com\/en\/wp-json\/wp\/v2\/pages\/400\/revisions"}],"predecessor-version":[{"id":873,"href":"https:\/\/apartbungalowsmatute.com\/en\/wp-json\/wp\/v2\/pages\/400\/revisions\/873"}],"wp:attachment":[{"href":"https:\/\/apartbungalowsmatute.com\/en\/wp-json\/wp\/v2\/media?parent=400"}],"curies":[{"name":"wp","href":"https:\/\/api.w.org\/{rel}","templated":true}]}}